{"id":984,"date":"2021-07-13T08:02:23","date_gmt":"2021-07-13T06:02:23","guid":{"rendered":"https:\/\/dieberatungsmanufaktur.de\/dbm2021\/?page_id=984"},"modified":"2022-01-13T13:35:44","modified_gmt":"2022-01-13T12:35:44","slug":"legal-notice","status":"publish","type":"page","link":"https:\/\/dieberatungsmanufaktur.de\/de\/legal-notice\/","title":{"rendered":"Impres\u00adsum"},"content":{"rendered":"<div data-elementor-type=\"wp-page\" data-elementor-id=\"984\" class=\"elementor elementor-984\" data-elementor-settings=\"{&quot;element_pack_global_tooltip_width&quot;:{&quot;unit&quot;:&quot;px&quot;,&quot;size&quot;:&quot;&quot;,&quot;sizes&quot;:[]},&quot;element_pack_global_tooltip_width_tablet&quot;:{&quot;unit&quot;:&quot;px&quot;,&quot;size&quot;:&quot;&quot;,&quot;sizes&quot;:[]},&quot;element_pack_global_tooltip_width_mobile&quot;:{&quot;unit&quot;:&quot;px&quot;,&quot;size&quot;:&quot;&quot;,&quot;sizes&quot;:[]},&quot;element_pack_global_tooltip_padding&quot;:{&quot;unit&quot;:&quot;px&quot;,&quot;top&quot;:&quot;&quot;,&quot;right&quot;:&quot;&quot;,&quot;bottom&quot;:&quot;&quot;,&quot;left&quot;:&quot;&quot;,&quot;isLinked&quot;:true},&quot;element_pack_global_tooltip_padding_tablet&quot;:{&quot;unit&quot;:&quot;px&quot;,&quot;top&quot;:&quot;&quot;,&quot;right&quot;:&quot;&quot;,&quot;bottom&quot;:&quot;&quot;,&quot;left&quot;:&quot;&quot;,&quot;isLinked&quot;:true},&quot;element_pack_global_tooltip_padding_mobile&quot;:{&quot;unit&quot;:&quot;px&quot;,&quot;top&quot;:&quot;&quot;,&quot;right&quot;:&quot;&quot;,&quot;bottom&quot;:&quot;&quot;,&quot;left&quot;:&quot;&quot;,&quot;isLinked&quot;:true},&quot;element_pack_global_tooltip_border_radius&quot;:{&quot;unit&quot;:&quot;px&quot;,&quot;top&quot;:&quot;&quot;,&quot;right&quot;:&quot;&quot;,&quot;bottom&quot;:&quot;&quot;,&quot;left&quot;:&quot;&quot;,&quot;isLinked&quot;:true},&quot;element_pack_global_tooltip_border_radius_tablet&quot;:{&quot;unit&quot;:&quot;px&quot;,&quot;top&quot;:&quot;&quot;,&quot;right&quot;:&quot;&quot;,&quot;bottom&quot;:&quot;&quot;,&quot;left&quot;:&quot;&quot;,&quot;isLinked&quot;:true},&quot;element_pack_global_tooltip_border_radius_mobile&quot;:{&quot;unit&quot;:&quot;px&quot;,&quot;top&quot;:&quot;&quot;,&quot;right&quot;:&quot;&quot;,&quot;bottom&quot;:&quot;&quot;,&quot;left&quot;:&quot;&quot;,&quot;isLinked&quot;:true}}\" data-elementor-post-type=\"page\">\n\t\t\t\t\t\t<section class=\"elementor-section elementor-top-section elementor-element elementor-element-3fc155a elementor-section-boxed elementor-section-height-default elementor-section-height-default\" data-id=\"3fc155a\" data-element_type=\"section\">\n\t\t\t\t\t\t<div class=\"elementor-container elementor-column-gap-default\">\n\t\t\t\t\t<div class=\"elementor-column elementor-col-100 elementor-top-column elementor-element elementor-element-8c85dd6\" data-id=\"8c85dd6\" data-element_type=\"column\">\n\t\t\t<div class=\"elementor-widget-wrap elementor-element-populated\">\n\t\t\t\t\t\t<div class=\"elementor-element elementor-element-fc6b3c9 elementor-widget elementor-widget-text-editor\" data-id=\"fc6b3c9\" data-element_type=\"widget\" data-widget_type=\"text-editor.default\">\n\t\t\t\t<div class=\"elementor-widget-container\">\n\t\t\t\t\t\t\t\t\t<p><strong>Kon\u00adtakt und Inhalt (Anga\u00adben gem\u00e4\u00df \u00a7 5&nbsp;TMG):<\/strong><\/p><p>Die Bera\u00adtungs\u00adma\u00adnu\u00adfak\u00adtur | Marek Schwies\u00adau<br>Unter\u00adberg 9<br>06108 Hal\u00adle (Saa\u00adle)<br>Pho\u00adne: +49 345 13252700<br>Fax: +49 345 13252701<br>E\u2011mail: info(at)dieberatungsmanufaktur.de<br>Inter\u00adnet: www.dieberatungsmanufaktur.de<\/p><p><strong>Umsatz\u00adsteu\u00ader-Iden\u00adti\u00adfi\u00adka\u00adti\u00adons\u00adnum\u00admer (gem\u00e4\u00df \u00a7 27 a Umsatzsteuergesetz):<\/strong><\/p><p>DE 246749870<\/p><p><strong>Geneh\u00admi\u00adgung nach \u00a7 34c&nbsp;GewO:<\/strong><\/p><p>Gewer\u00adbe\u00adbe\u00adh\u00f6r\u00adde der Stadt Hal\u00adle (Saa\u00adle), Am Sta\u00addi\u00adon 5, 06124 Hal\u00adle (Saa\u00adle)<\/p><p><strong>Ver\u00adant\u00adwort\u00adlich f\u00fcr den Inhalt (gem\u00e4\u00df \u00a7 18 Abs. 2&nbsp;MStV):<\/strong><\/p><p>Marek Schwies\u00adau<br>Unter\u00adberg 9<br>06108 Hal\u00adle (Saa\u00adle)<\/p><p><strong>Design &amp; Umsetzung<\/strong><\/p><p>Kol\u00adlek\u00adtiv Design<br>Groch\u00adlit\u00adzer Stra\u00ad\u00dfe 40<br>06618 Naum\u00adburg (Saa\u00adle)<\/p><p><strong>Berufs\u00adhaft\u00adpflicht\u00adver\u00adsi\u00adche\u00adrung:<\/strong><\/p><p class=\"translation-block\">Con\u00adti\u00adnen\u00adta\u00adle Sach\u00adver\u00adsi\u00adche\u00adrung&nbsp;AG<br>\nRuhr\u00adal\u00adlee&nbsp;92<br>\n44139 Dortmund<\/p><p><strong>Online Streit\u00adbei\u00adle\u00adgung:<\/strong><\/p><p>Die Euro\u00adp\u00e4i\u00adsche Kom\u00admis\u00adsi\u00adon stellt eine Platt\u00adform zur Online-Streit\u00adbei\u00adle\u00adgung (OS) bereit: <a href=\"http:\/\/ec.europa.eu\/consumers\/odr\" target=\"_blank\" rel=\"noopener\">http:\/\/ec.europa.eu\/consumers\/odr<\/a> Unse\u00adre E\u2011Mail-Adres\u00adse fin\u00adden Sie oben im Impres\u00adsum. Wir sind nicht bereit oder ver\u00adpflich\u00adtet, an Streit\u00adbei\u00adle\u00adgungs\u00adver\u00adfah\u00adren vor einer Ver\u00adbrau\u00adcher\u00adschlich\u00adtungs\u00adstel\u00adle teilzunehmen.<\/p><p><strong>Foto\u00adquel\u00adlen:<\/strong><\/p><p class=\"translation-block\">Micha\u00adel Deutsch, Trend\u00adblen\u00adde, Hal\u00adle (Saa\u00adle)<\/p><p>Andre\u00adas L\u00f6ff\u00adler, Foto\u00adgraf, Hal\u00adle (Saa\u00adle)<\/p><p><strong>Urhe\u00adber\u00adrecht<\/strong><\/p><p>Die Inhal\u00adte von www.dieberatungsmanufaktur.de sind urhe\u00adber\u00adrecht\u00adlich gesch\u00fctzt. Sie d\u00fcr\u00adfen nur in den Arbeits\u00adspei\u00adcher und ein\u00adma\u00adlig in einen ande\u00adren Spei\u00adcher (Fest\u00adplat\u00adte) gela\u00adden wer\u00adden. Die sons\u00adti\u00adge Ver\u00adwen\u00addung der Tex\u00adte und Abbil\u00addun\u00adgen, auch aus\u00adzugs\u00adwei\u00adse, ist ohne die schrift\u00adli\u00adche Zustim\u00admung von Marek Schwies\u00adau urhe\u00adber\u00adrechts\u00adwid\u00adrig und straf\u00adbar. In den vor\u00adlie\u00adgen\u00adden Inhal\u00adten wer\u00adden Mar\u00adken und gesch\u00e4ft\u00adli\u00adche Bezeich\u00adnun\u00adgen ver\u00adwen\u00addet. Auch wenn die\u00adse nicht als sol\u00adche gekenn\u00adzeich\u00adnet sind, gel\u00adten die ent\u00adspre\u00adchen\u00adden Schutz\u00adbe\u00adstim\u00admun\u00adgen. Der Inhalt von www.dieberatungsmanufaktur.de ist aus\u00adschlie\u00df\u00adlich zu Infor\u00adma\u00adti\u00adons\u00adzwe\u00adcken bestimmt.<\/p><p>Die Inhal\u00adte mei\u00adner Sei\u00adten wur\u00adden mit gr\u00f6\u00dft\u00adm\u00f6g\u00adli\u00adcher Sorg\u00adfalt erstellt. F\u00fcr die Rich\u00adtig\u00adkeit, Voll\u00adst\u00e4n\u00addig\u00adkeit und Aktua\u00adli\u00adt\u00e4t der Inhal\u00adte kann ich jedoch kei\u00adne Gew\u00e4hr \u00fcber\u00adneh\u00admen. Als Diens\u00adte\u00adan\u00adbie\u00adter bin ich gem\u00e4\u00df \u00a7 7 Abs.1 TMG f\u00fcr eige\u00adne Inhal\u00adte auf die\u00adsen Sei\u00adten nach den all\u00adge\u00admei\u00adnen Geset\u00adzen ver\u00adant\u00adwort\u00adlich. Nach \u00a7\u00a7 8 bis 10 TMG bin ich als Diens\u00adte\u00adan\u00adbie\u00adter nicht ver\u00adpflich\u00adtet, \u00fcber\u00admit\u00adtel\u00adte oder gespei\u00adcher\u00adte frem\u00adde Infor\u00adma\u00adtio\u00adnen zu \u00fcber\u00adwa\u00adchen oder nach Umst\u00e4n\u00adden zu for\u00adschen, die auf eine rechts\u00adwid\u00adri\u00adge T\u00e4tig\u00adkeit hin\u00adwei\u00adsen. Ver\u00adpflich\u00adtun\u00adgen zur Ent\u00adfer\u00adnung oder Sper\u00adrung der Nut\u00adzung von Infor\u00adma\u00adtio\u00adnen nach den all\u00adge\u00admei\u00adnen Geset\u00adzen blei\u00adben hier\u00advon unbe\u00adr\u00fchrt. Eine Haf\u00adtung ist jedoch erst ab dem Zeit\u00adpunkt der Kennt\u00adnis einer kon\u00adkre\u00adten Rechts\u00adver\u00adlet\u00adzung m\u00f6g\u00adlich. Bei Bekannt\u00adwer\u00adden von ent\u00adspre\u00adchen\u00adden Rechts\u00adver\u00adlet\u00adzun\u00adgen wer\u00adde ich die\u00adse Inhal\u00adte jedoch umge\u00adhend entfernen.<\/p><p><strong>Haf\u00adtung f\u00fcr&nbsp;Links<\/strong><\/p><p>Mein Ange\u00adbot ent\u00adh\u00e4lt ggf. Links zu exter\u00adnen Web\u00adsei\u00adten, auf deren Inhal\u00adte ich kei\u00adnen Ein\u00adfluss habe. Des\u00adhalb kann ich f\u00fcr die\u00adse frem\u00adden Inhal\u00adte auch kei\u00adne Gew\u00e4hr \u00fcber\u00adneh\u00admen. F\u00fcr die Inhal\u00adte der ver\u00adlink\u00adten Sei\u00adten ist stets der jewei\u00adli\u00adge Anbie\u00adter oder Betrei\u00adber der Sei\u00adten ver\u00adant\u00adwort\u00adlich. Die ver\u00adlink\u00adten Sei\u00adten wur\u00adden zum Zeit\u00adpunkt der Ver\u00adlin\u00adkung auf m\u00f6g\u00adli\u00adche Rechts\u00adver\u00adst\u00f6\u00ad\u00dfe \u00fcber\u00adpr\u00fcft. Rechts\u00adwid\u00adri\u00adge Inhal\u00adte waren zum Zeit\u00adpunkt der Ver\u00adlin\u00adkung nicht erkenn\u00adbar. Eine per\u00adma\u00adnen\u00adte inhalt\u00adli\u00adche Kon\u00adtrol\u00adle der ver\u00adlink\u00adten Sei\u00adten ist jedoch ohne kon\u00adkre\u00adte Anhalts\u00adpunk\u00adte einer Rechts\u00adver\u00adlet\u00adzung nicht zumut\u00adbar. Bei Bekannt\u00adwer\u00adden von Rechts\u00adver\u00adlet\u00adzun\u00adgen wer\u00adde ich die Links umge\u00adhend entfernen.<\/p><p><strong>Urhe\u00adber\u00adrecht<\/strong><\/p><p>Die auf mei\u00adner Sei\u00adte erstell\u00adten Inhal\u00adte und Wer\u00adke unter\u00adlie\u00adgen dem deut\u00adschen Urhe\u00adber\u00adrecht. Die Ver\u00adviel\u00adf\u00e4l\u00adti\u00adgung, Bear\u00adbei\u00adtung, Ver\u00adbrei\u00adtung und jede Art der Ver\u00adwer\u00adtung au\u00dfer\u00adhalb der Gren\u00adzen des Urhe\u00adber\u00adrech\u00adtes bed\u00fcr\u00adfen der schrift\u00adli\u00adchen Zustim\u00admung des jewei\u00adli\u00adgen Autors bzw. Erstel\u00adlers. Down\u00adloads und Kopien die\u00adser Sei\u00adte sind nur f\u00fcr den pri\u00adva\u00adten, nicht kom\u00admer\u00adzi\u00adel\u00adlen Gebrauch gestat\u00adtet. Soweit die Inhal\u00adte auf die\u00adser Sei\u00adte nicht vom Betrei\u00adber erstellt wur\u00adden, wer\u00adden die Urhe\u00adber\u00adrech\u00adte Drit\u00adter beach\u00adtet. Ins\u00adbe\u00adson\u00adde\u00adre wer\u00adden Inhal\u00adte Drit\u00adter als sol\u00adche gekenn\u00adzeich\u00adnet. Soll\u00adten Sie trotz\u00addem auf eine Urhe\u00adber\u00adrechts\u00adver\u00adlet\u00adzung auf\u00admerk\u00adsam wer\u00adden, bit\u00adte ich um einen Hin\u00adweis. Bei Bekannt\u00adwer\u00adden von Rechts\u00adver\u00adlet\u00adzun\u00adgen wer\u00adde ich die\u00adse Inhal\u00adte umge\u00adhend entfernen.<\/p><p><strong>Daten\u00adschutz<\/strong><\/p><p>Die Nut\u00adzung der Web\u00adsei\u00adte ist in der Regel ohne Anga\u00adbe per\u00adso\u00adnen\u00adbe\u00adzo\u00adge\u00adner Daten m\u00f6g\u00adlich. Die\u00adse Daten wer\u00adden ohne Ihre aus\u00addr\u00fcck\u00adli\u00adche Zustim\u00admung nicht an Drit\u00adte wei\u00adter\u00adge\u00adge\u00adben. Ich wei\u00adse dar\u00adauf hin, dass die Daten\u00ad\u00fcber\u00adtra\u00adgung im Inter\u00adnet (z.B. bei der Kom\u00admu\u00adni\u00adka\u00adti\u00adon per E\u2011Mail) Sicher\u00adheits\u00adl\u00fc\u00adcken auf\u00adwei\u00adsen kann. Ein l\u00fccken\u00adlo\u00adser Schutz der Daten vor dem Zugriff durch Drit\u00adte ist nicht m\u00f6g\u00adlich. Der Nut\u00adzung von im Rah\u00admen der Impres\u00adsums\u00adpflicht ver\u00ad\u00f6f\u00adfent\u00adlich\u00adten Kon\u00adtakt\u00adda\u00adten durch Drit\u00adte zur \u00dcber\u00adsen\u00addung von nicht aus\u00addr\u00fcck\u00adlich ange\u00adfor\u00adder\u00adter Wer\u00adbung und Infor\u00adma\u00adti\u00adons\u00adma\u00adte\u00adria\u00adli\u00aden wird hier\u00admit aus\u00addr\u00fcck\u00adlich wider\u00adspro\u00adchen. Die Betrei\u00adber der Sei\u00adten behal\u00adten sich aus\u00addr\u00fcck\u00adlich recht\u00adli\u00adche Schrit\u00adte im Fal\u00adle der unver\u00adlang\u00adten Zusen\u00addung von Wer\u00adbe\u00adinfor\u00adma\u00adtio\u00adnen, etwa durch Spam-Mails, vor.<\/p><p>Sofern eini\u00adge Ange\u00adbo\u00adte auf \u201edieberatungsmanufaktur.de oder ver\u00adlink\u00adte Sei\u00adten\u201c die \u00dcber\u00admitt\u00adlung per\u00adso\u00adnen\u00adbe\u00adzo\u00adge\u00adner Daten erfor\u00addern, wer\u00adden die\u00adse Daten nur mit Ihrer Ein\u00adwil\u00adli\u00adgung erho\u00adben, ver\u00adar\u00adbei\u00adtet und genutzt oder soweit dies nach den ein\u00adschl\u00e4\u00adgi\u00adgen daten\u00adschutz\u00adrecht\u00adli\u00adchen Bestim\u00admun\u00adgen, ins\u00adbe\u00adson\u00adde\u00adre sol\u00adchen, zul\u00e4s\u00adsig ist des Bun\u00addes\u00adda\u00adten\u00adschutz\u00adge\u00adset\u00adzes, des Medi\u00aden\u00addiens\u00adtes\u00adtaats\u00adver\u00adtrags und des Tel\u00ade\u00addiens\u00adteda\u00adten\u00adschutz\u00adge\u00adset\u00adzes. Dem\u00adentspre\u00adchend d\u00fcr\u00adfen wir per\u00adso\u00adnen\u00adbe\u00adzo\u00adge\u00adne Daten ins\u00adbe\u00adson\u00adde\u00adre ver\u00adar\u00adbei\u00adten, soweit dies f\u00fcr die Begr\u00fcn\u00addung und Abwick\u00adlung eines Ver\u00adtrags\u00adver\u00adh\u00e4lt\u00adnis\u00adses (Bestands\u00adda\u00adten), zur Leis\u00adtungs\u00ader\u00adbrin\u00adgung oder Abrech\u00adnung (Nut\u00adzungs\u00adda\u00adten) erfor\u00adder\u00adlich ist. Bestands\u00adda\u00adten sind Ihr voll\u00adst\u00e4n\u00addi\u00adger Name, Ihr Geburts\u00adda\u00adtum, Ihre voll\u00adst\u00e4n\u00addi\u00adge Adres\u00adse. Nut\u00adzungs\u00adda\u00adten sind Merk\u00adma\u00adle zur Iden\u00adti\u00adfi\u00adzie\u00adrung des Nut\u00adzers sowie Infor\u00adma\u00adtio\u00adnen \u00fcber den Umfang der von Ihnen in Anspruch genom\u00adme\u00adnen Diens\u00adte. Wenn Sie Dienst\u00adleis\u00adtun\u00adgen online mit Ihrer Kre\u00addit\u00adkar\u00adte bezah\u00adlen, sind Anga\u00adben zu Ihrer Per\u00adson und Ihrer Kre\u00addit\u00adkar\u00adte erforderlich.<\/p><p>Ihre per\u00adso\u00adnen\u00adbe\u00adzo\u00adge\u00adnen Daten wer\u00adden zum Zwe\u00adcke der tech\u00adni\u00adschen Admi\u00adnis\u00adtra\u00adti\u00adon der Web\u00adsite \u201cdieberatungsmanufaktur.de oder ver\u00adbun\u00adde\u00adner Sei\u00adten\u201d und zur Abwick\u00adlung Ihrer Bestel\u00adlun\u00adgen oder Anfra\u00adgen ver\u00adwen\u00addet. Sie k\u00f6n\u00adnen die\u00adser Ver\u00adwen\u00addung durch eine ent\u00adspre\u00adchen\u00adde E\u2011Mail an m.schwiesau(at)dieberatungsmanufaktur.de wider\u00adspre\u00adchen. Eine Nut\u00adzung zu ande\u00adren Zwe\u00adcken erfolgt nur mit Ihrer vor\u00adhe\u00adri\u00adgen Zustim\u00admung oder auf\u00adgrund einer gesetz\u00adli\u00adchen Erlaub\u00adnis oder Verpflichtung.<\/p><p>Eine Wei\u00adter\u00adga\u00adbe Ihrer Daten erfolgt aus\u00adschlie\u00df\u00adlich an ande\u00adre Gesell\u00adschaf\u00adten oder Erf\u00fcl\u00adlungs\u00adge\u00adhil\u00adfen der Bera\u00adtungs\u00adma\u00adnu\u00adfak\u00adtur und nur, soweit dies zur Durch\u00adf\u00fch\u00adrung Ihrer Anfra\u00adgen oder Auf\u00adtr\u00e4\u00adge erfor\u00adder\u00adlich ist. In die\u00adsem Rah\u00admen kann auch eine Wei\u00adter\u00adga\u00adbe Ihrer Daten an Stel\u00adlen au\u00dfer\u00adhalb der Euro\u00adp\u00e4i\u00adschen Uni\u00adon erfolgen.<\/p><p><strong>Daten\u00adschutz\u00ader\u00adkl\u00e4\u00adrung f\u00fcr die Nut\u00adzung von Goog\u00adle Analytics<\/strong><\/p><p>Mei\u00adne Web\u00adsite benutzt Goog\u00adle Ana\u00adly\u00adtics, einen Web\u00adana\u00adly\u00adse\u00addienst der Goog\u00adle Inc. (\u201cGoog\u00adle\u201d). Goog\u00adle Ana\u00adly\u00adtics ver\u00adwen\u00addet \u201cCoo\u00adkies\u201d, Text\u00adda\u00adtei\u00aden, die auf Ihrem Com\u00adpu\u00adter gespei\u00adchert wer\u00adden und die eine Ana\u00adly\u00adse der Benut\u00adzung der Web\u00adsite durch die Benut\u00adzer erm\u00f6g\u00adli\u00adchen. Die durch den Coo\u00adkie erzeug\u00adten Infor\u00adma\u00adtio\u00adnen \u00fcber Ihre Benut\u00adzung die\u00adser Web\u00adsite (ein\u00adschlie\u00df\u00adlich Ihrer IP-Adres\u00adse) wer\u00adden an einen Ser\u00adver von Goog\u00adle in den USA \u00fcber\u00adtra\u00adgen und dort gespei\u00adchert. Goog\u00adle wird die\u00adse Infor\u00adma\u00adtio\u00adnen benut\u00adzen, um Ihre Nut\u00adzung der Web\u00adsite aus\u00adzu\u00adwer\u00adten, um Reports \u00fcber die Web\u00adsite\u00adak\u00adti\u00advi\u00adt\u00e4\u00adten f\u00fcr die Web\u00adsite\u00adbe\u00adtrei\u00adber zusam\u00admen\u00adzu\u00adstel\u00adlen und um wei\u00adte\u00adre mit der Web\u00adsite\u00adnut\u00adzung und der Inter\u00adnet\u00adnut\u00adzung ver\u00adbun\u00adde\u00adne Dienst\u00adleis\u00adtun\u00adgen zu erbrin\u00adgen. Auch wird Goog\u00adle die\u00adse Infor\u00adma\u00adtio\u00adnen gege\u00adbe\u00adnen\u00adfalls an Drit\u00adte \u00fcber\u00adtra\u00adgen, sofern dies gesetz\u00adlich vor\u00adge\u00adschrie\u00adben oder soweit Drit\u00adte die\u00adse Daten im Auf\u00adtrag von Goog\u00adle ver\u00adar\u00adbei\u00adten. Goog\u00adle wird in kei\u00adnem Fall Ihre IP-Adres\u00adse mit ande\u00adren Daten der Goog\u00adle Inc. in Ver\u00adbin\u00addung bringen.<\/p><p>Sie k\u00f6n\u00adnen die Instal\u00adla\u00adti\u00adon der Coo\u00adkies durch eine ent\u00adspre\u00adchen\u00adde Ein\u00adstel\u00adlung Ihrer Brow\u00adser Soft\u00adware ver\u00adhin\u00addern; wir wei\u00adsen Sie jedoch dar\u00adauf hin, dass Sie in die\u00adsem Fall gege\u00adbe\u00adnen\u00adfalls nicht s\u00e4mt\u00adli\u00adche Funk\u00adtio\u00adnen die\u00adser Web\u00adsite voll umf\u00e4ng\u00adlich nut\u00adzen k\u00f6n\u00adnen. Durch die Nut\u00adzung die\u00adser Web\u00adsite erkl\u00e4\u00adren Sie sich mit der Bear\u00adbei\u00adtung der \u00fcber Sie erho\u00adbe\u00adnen Daten durch Goog\u00adle in der zuvor beschrie\u00adbe\u00adnen Art und Wei\u00adse und zu dem zuvor benann\u00adten Zweck einverstanden.<\/p>\t\t\t\t\t\t\t\t<\/div>\n\t\t\t\t<\/div>\n\t\t\t\t\t<\/div>\n\t\t<\/div>\n\t\t\t\t\t<\/div>\n\t\t<\/section>\n\t\t\t\t<\/div>","protected":false},"excerpt":{"rendered":"<p>Kon\u00adtakt und Inhalt (Anga\u00adben gem\u00e4\u00df \u00a7 5 TMG): Die Bera\u00adtungs\u00adma\u00adnu\u00adfak\u00adtur | Marek Schwies\u00adau\u00adUn\u00adter\u00adberg 906108 Hal\u00adle (Saale)Phone: +49 345 13252700Fax: +49 345 13252701E-mail: info(at)dieberatungsmanufaktur.deInternet: www.dieberatungsmanufaktur.de Umsatz\u00adsteu\u00ader-Iden\u00adti\u00adfi\u00adka\u00adti\u00adons\u00adnum\u00admer (gem\u00e4\u00df \u00a7 27 a Umsatz\u00adsteu\u00ader\u00adge\u00adsetz): DE 246749870 Geneh\u00admi\u00adgung nach \u00a7 34c GewO: Gewer\u00adbe\u00adbe\u00adh\u00f6r\u00adde der Stadt Hal\u00adle (Saa\u00adle), Am Sta\u00addi\u00adon 5, 06124 Hal\u00adle (Saa\u00adle) Ver\u00adant\u00adwort\u00adlich f\u00fcr den Inhalt (gem\u00e4\u00df \u00a7&nbsp;18&nbsp;[\u2026]<\/p>","protected":false},"author":1,"featured_media":0,"parent":0,"menu_order":0,"comment_status":"closed","ping_status":"closed","template":"elementor_header_footer","meta":{"om_disable_all_campaigns":false,"wp_typography_post_enhancements_disabled":false,"_monsterinsights_skip_tracking":false,"_monsterinsights_sitenote_active":false,"_monsterinsights_sitenote_note":"","_monsterinsights_sitenote_category":0,"footnotes":""},"class_list":["post-984","page","type-page","status-publish","hentry"],"aioseo_notices":[],"yoast_head":"<!-- This site is optimized with the Yoast SEO plugin v26.3 - https:\/\/yoast.com\/wordpress\/plugins\/seo\/ -->\n<title>Legal Notice - Die Beratungsmanufaktur<\/title>\n<meta name=\"robots\" content=\"index, follow, max-snippet:-1, max-image-preview:large, max-video-preview:-1\" \/>\n<link rel=\"canonical\" href=\"https:\/\/dieberatungsmanufaktur.de\/de\/legal-notice\/\" \/>\n<meta property=\"og:locale\" content=\"de_DE\" \/>\n<meta property=\"og:type\" content=\"article\" \/>\n<meta property=\"og:title\" content=\"Legal Notice - Die Beratungsmanufaktur\" \/>\n<meta property=\"og:description\" content=\"Kontakt und Inhalt (Angaben gem\u00e4\u00df \u00a7 5 TMG): Die Beratungsmanufaktur | Marek SchwiesauUnterberg 906108 Halle (Saale)Phone: +49 345 13252700Fax: +49 345 13252701E-mail: info(at)dieberatungsmanufaktur.deInternet: www.dieberatungsmanufaktur.de Umsatzsteuer-Identifikationsnummer (gem\u00e4\u00df \u00a7 27 a Umsatzsteuergesetz): DE 246749870 Genehmigung nach \u00a7 34c GewO: Gewerbebeh\u00f6rde der Stadt Halle (Saale), Am Stadion 5, 06124 Halle (Saale) Verantwortlich f\u00fcr den Inhalt (gem\u00e4\u00df \u00a7 18 [&hellip;]\" \/>\n<meta property=\"og:url\" content=\"https:\/\/dieberatungsmanufaktur.de\/de\/legal-notice\/\" \/>\n<meta property=\"og:site_name\" content=\"Die Beratungsmanufaktur\" \/>\n<meta property=\"article:modified_time\" content=\"2022-01-13T12:35:44+00:00\" \/>\n<meta name=\"twitter:card\" content=\"summary_large_image\" \/>\n<meta name=\"twitter:label1\" content=\"Gesch\u00e4tzte Lesezeit\" \/>\n\t<meta name=\"twitter:data1\" content=\"6\u00a0Minuten\" \/>\n<script type=\"application\/ld+json\" class=\"yoast-schema-graph\">{\"@context\":\"https:\/\/schema.org\",\"@graph\":[{\"@type\":\"WebPage\",\"@id\":\"https:\/\/dieberatungsmanufaktur.de\/legal-notice\/\",\"url\":\"https:\/\/dieberatungsmanufaktur.de\/legal-notice\/\",\"name\":\"Legal Notice - Die Beratungsmanufaktur\",\"isPartOf\":{\"@id\":\"https:\/\/dieberatungsmanufaktur.de\/#website\"},\"datePublished\":\"2021-07-13T06:02:23+00:00\",\"dateModified\":\"2022-01-13T12:35:44+00:00\",\"breadcrumb\":{\"@id\":\"https:\/\/dieberatungsmanufaktur.de\/legal-notice\/#breadcrumb\"},\"inLanguage\":\"de\",\"potentialAction\":[{\"@type\":\"ReadAction\",\"target\":[\"https:\/\/dieberatungsmanufaktur.de\/legal-notice\/\"]}]},{\"@type\":\"BreadcrumbList\",\"@id\":\"https:\/\/dieberatungsmanufaktur.de\/legal-notice\/#breadcrumb\",\"itemListElement\":[{\"@type\":\"ListItem\",\"position\":1,\"name\":\"Startseite\",\"item\":\"https:\/\/dieberatungsmanufaktur.de\/\"},{\"@type\":\"ListItem\",\"position\":2,\"name\":\"Legal Notice\"}]},{\"@type\":\"WebSite\",\"@id\":\"https:\/\/dieberatungsmanufaktur.de\/#website\",\"url\":\"https:\/\/dieberatungsmanufaktur.de\/\",\"name\":\"Die Beratungsmanufaktur\",\"description\":\"\",\"publisher\":{\"@id\":\"https:\/\/dieberatungsmanufaktur.de\/#organization\"},\"potentialAction\":[{\"@type\":\"SearchAction\",\"target\":{\"@type\":\"EntryPoint\",\"urlTemplate\":\"https:\/\/dieberatungsmanufaktur.de\/?s={search_term_string}\"},\"query-input\":{\"@type\":\"PropertyValueSpecification\",\"valueRequired\":true,\"valueName\":\"search_term_string\"}}],\"inLanguage\":\"de\"},{\"@type\":\"Organization\",\"@id\":\"https:\/\/dieberatungsmanufaktur.de\/#organization\",\"name\":\"Die Beratungsmanufaktur\",\"url\":\"https:\/\/dieberatungsmanufaktur.de\/\",\"logo\":{\"@type\":\"ImageObject\",\"inLanguage\":\"de\",\"@id\":\"https:\/\/dieberatungsmanufaktur.de\/#\/schema\/logo\/image\/\",\"url\":\"https:\/\/dieberatungsmanufaktur.de\/dbm2021\/wp-content\/uploads\/2021\/04\/dbm-logo.png\",\"contentUrl\":\"https:\/\/dieberatungsmanufaktur.de\/dbm2021\/wp-content\/uploads\/2021\/04\/dbm-logo.png\",\"width\":301,\"height\":52,\"caption\":\"Die Beratungsmanufaktur\"},\"image\":{\"@id\":\"https:\/\/dieberatungsmanufaktur.de\/#\/schema\/logo\/image\/\"}}]}<\/script>\n<!-- \/ Yoast SEO plugin. -->","yoast_head_json":{"title":"Impres\u00adsum \u2014 Die Beratungsmanufaktur","robots":{"index":"index","follow":"follow","max-snippet":"max-snippet:-1","max-image-preview":"max-image-preview:large","max-video-preview":"max-video-preview:-1"},"canonical":"https:\/\/dieberatungsmanufaktur.de\/de\/legal-notice\/","og_locale":"de_DE","og_type":"article","og_title":"Legal Notice - Die Beratungsmanufaktur","og_description":"Kontakt und Inhalt (Angaben gem\u00e4\u00df \u00a7 5 TMG): Die Beratungsmanufaktur | Marek SchwiesauUnterberg 906108 Halle (Saale)Phone: +49 345 13252700Fax: +49 345 13252701E-mail: info(at)dieberatungsmanufaktur.deInternet: www.dieberatungsmanufaktur.de Umsatzsteuer-Identifikationsnummer (gem\u00e4\u00df \u00a7 27 a Umsatzsteuergesetz): DE 246749870 Genehmigung nach \u00a7 34c GewO: Gewerbebeh\u00f6rde der Stadt Halle (Saale), Am Stadion 5, 06124 Halle (Saale) Verantwortlich f\u00fcr den Inhalt (gem\u00e4\u00df \u00a7 18 [&hellip;]","og_url":"https:\/\/dieberatungsmanufaktur.de\/de\/legal-notice\/","og_site_name":"Die Beratungsmanufaktur","article_modified_time":"2022-01-13T12:35:44+00:00","twitter_card":"summary_large_image","twitter_misc":{"Gesch\u00e4tzte Lesezeit":"6\u00a0Minuten"},"schema":{"@context":"https:\/\/schema.org","@graph":[{"@type":"WebPage","@id":"https:\/\/dieberatungsmanufaktur.de\/legal-notice\/","url":"https:\/\/dieberatungsmanufaktur.de\/legal-notice\/","name":"Impres\u00adsum \u2014 Die Beratungsmanufaktur","isPartOf":{"@id":"https:\/\/dieberatungsmanufaktur.de\/#website"},"datePublished":"2021-07-13T06:02:23+00:00","dateModified":"2022-01-13T12:35:44+00:00","breadcrumb":{"@id":"https:\/\/dieberatungsmanufaktur.de\/legal-notice\/#breadcrumb"},"inLanguage":"de","potentialAction":[{"@type":"ReadAction","target":["https:\/\/dieberatungsmanufaktur.de\/legal-notice\/"]}]},{"@type":"BreadcrumbList","@id":"https:\/\/dieberatungsmanufaktur.de\/legal-notice\/#breadcrumb","itemListElement":[{"@type":"ListItem","position":1,"name":"Startseite","item":"https:\/\/dieberatungsmanufaktur.de\/"},{"@type":"ListItem","position":2,"name":"Legal Notice"}]},{"@type":"WebSite","@id":"https:\/\/dieberatungsmanufaktur.de\/#website","url":"https:\/\/dieberatungsmanufaktur.de\/","name":"Die Bera\u00adtungs\u00adma\u00adnu\u00adfak\u00adtur","description":"","publisher":{"@id":"https:\/\/dieberatungsmanufaktur.de\/#organization"},"potentialAction":[{"@type":"SearchAction","target":{"@type":"EntryPoint","urlTemplate":"https:\/\/dieberatungsmanufaktur.de\/?s={search_term_string}"},"query-input":{"@type":"PropertyValueSpecification","valueRequired":true,"valueName":"search_term_string"}}],"inLanguage":"de"},{"@type":"Organization","@id":"https:\/\/dieberatungsmanufaktur.de\/#organization","name":"Die Bera\u00adtungs\u00adma\u00adnu\u00adfak\u00adtur","url":"https:\/\/dieberatungsmanufaktur.de\/","logo":{"@type":"ImageObject","inLanguage":"de","@id":"https:\/\/dieberatungsmanufaktur.de\/#\/schema\/logo\/image\/","url":"https:\/\/dieberatungsmanufaktur.de\/dbm2021\/wp-content\/uploads\/2021\/04\/dbm-logo.png","contentUrl":"https:\/\/dieberatungsmanufaktur.de\/dbm2021\/wp-content\/uploads\/2021\/04\/dbm-logo.png","width":301,"height":52,"caption":"Die Beratungsmanufaktur"},"image":{"@id":"https:\/\/dieberatungsmanufaktur.de\/#\/schema\/logo\/image\/"}}]}},"_links":{"self":[{"href":"https:\/\/dieberatungsmanufaktur.de\/de\/wp-json\/wp\/v2\/pages\/984","targetHints":{"allow":["GET"]}}],"collection":[{"href":"https:\/\/dieberatungsmanufaktur.de\/de\/wp-json\/wp\/v2\/pages"}],"about":[{"href":"https:\/\/dieberatungsmanufaktur.de\/de\/wp-json\/wp\/v2\/types\/page"}],"author":[{"embeddable":true,"href":"https:\/\/dieberatungsmanufaktur.de\/de\/wp-json\/wp\/v2\/users\/1"}],"replies":[{"embeddable":true,"href":"https:\/\/dieberatungsmanufaktur.de\/de\/wp-json\/wp\/v2\/comments?post=984"}],"version-history":[{"count":24,"href":"https:\/\/dieberatungsmanufaktur.de\/de\/wp-json\/wp\/v2\/pages\/984\/revisions"}],"predecessor-version":[{"id":2328,"href":"https:\/\/dieberatungsmanufaktur.de\/de\/wp-json\/wp\/v2\/pages\/984\/revisions\/2328"}],"wp:attachment":[{"href":"https:\/\/dieberatungsmanufaktur.de\/de\/wp-json\/wp\/v2\/media?parent=984"}],"curies":[{"name":"wp","href":"https:\/\/api.w.org\/{rel}","templated":true}]}}